{"id":2,"date":"2021-07-28T16:25:50","date_gmt":"2021-07-28T14:25:50","guid":{"rendered":"http:\/\/locomotion.cz\/?page_id=2"},"modified":"2021-10-11T10:42:03","modified_gmt":"2021-10-11T08:42:03","slug":"zkusebni-stranka","status":"publish","type":"page","link":"https:\/\/locomotion.cz\/","title":{"rendered":"P\u0159ipravujeme pro v\u00e1s nov\u00fd web"},"content":{"rendered":"","protected":false},"excerpt":{"rendered":"","protected":false},"author":1,"featured_media":5,"parent":0,"menu_order":0,"comment_status":"closed","ping_status":"closed","template":"","meta":{"footnotes":""},"class_list":["post-2","page","type-page","status-publish","has-post-thumbnail","hentry"],"_links":{"self":[{"href":"https:\/\/locomotion.cz\/index.php?rest_route=\/wp\/v2\/pages\/2","targetHints":{"allow":["GET"]}}],"collection":[{"href":"https:\/\/locomotion.cz\/index.php?rest_route=\/wp\/v2\/pages"}],"about":[{"href":"https:\/\/locomotion.cz\/index.php?rest_route=\/wp\/v2\/types\/page"}],"author":[{"embeddable":true,"href":"https:\/\/locomotion.cz\/index.php?rest_route=\/wp\/v2\/users\/1"}],"replies":[{"embeddable":true,"href":"https:\/\/locomotion.cz\/index.php?rest_route=%2Fwp%2Fv2%2Fcomments&post=2"}],"version-history":[{"count":2,"href":"https:\/\/locomotion.cz\/index.php?rest_route=\/wp\/v2\/pages\/2\/revisions"}],"predecessor-version":[{"id":55,"href":"https:\/\/locomotion.cz\/index.php?rest_route=\/wp\/v2\/pages\/2\/revisions\/55"}],"wp:featuredmedia":[{"embeddable":true,"href":"https:\/\/locomotion.cz\/index.php?rest_route=\/wp\/v2\/media\/5"}],"wp:attachment":[{"href":"https:\/\/locomotion.cz\/index.php?rest_route=%2Fwp%2Fv2%2Fmedia&parent=2"}],"curies":[{"name":"wp","href":"https:\/\/api.w.org\/{rel}","templated":true}]}}